{"id":5474,"date":"2025-02-11T10:13:55","date_gmt":"2025-02-11T10:13:55","guid":{"rendered":"https:\/\/salles-parisiennes.com\/contact\/"},"modified":"2025-04-23T13:44:33","modified_gmt":"2025-04-23T13:44:33","slug":"contact","status":"publish","type":"page","link":"https:\/\/salles-parisiennes.com\/en\/contact\/","title":{"rendered":"Contact"},"content":{"rendered":"\t\t<div data-elementor-type=\"wp-page\" data-elementor-id=\"5474\" class=\"elementor elementor-5474 elementor-2081\" data-elementor-post-type=\"page\">\n\t\t\t\t<div class=\"elementor-element elementor-element-64e6d04 e-con-full e-flex e-con e-parent\" data-id=\"64e6d04\" data-element_type=\"container\" data-settings=\"{&quot;background_background&quot;:&quot;classic&quot;}\">\n\t\t<div class=\"elementor-element elementor-element-7148cda e-flex e-con-boxed e-con e-child\" data-id=\"7148cda\" data-element_type=\"container\">\n\t\t\t\t\t<div class=\"e-con-inner\">\n\t\t<div class=\"elementor-element elementor-element-f3aad34 e-con-full e-flex e-con e-child\" data-id=\"f3aad34\" data-element_type=\"container\">\n\t\t\t\t<div class=\"elementor-element elementor-element-a92faf3 titre-haut elementor-widget elementor-widget-text-editor\" data-id=\"a92faf3\" data-element_type=\"widget\" data-widget_type=\"text-editor.default\">\n\t\t\t\t<div class=\"elementor-widget-container\">\n\t\t\t\t\t\t\t\t\t<p>Contact us for any questions or to receive a quote<\/p>\t\t\t\t\t\t\t\t<\/div>\n\t\t\t\t<\/div>\n\t\t<div class=\"elementor-element elementor-element-f0730d4 e-con-full e-flex e-con e-child\" data-id=\"f0730d4\" data-element_type=\"container\">\n\t\t<div class=\"elementor-element elementor-element-5cedf11 e-con-full e-flex e-con e-child\" data-id=\"5cedf11\" data-element_type=\"container\">\n\t\t\t\t<div class=\"elementor-element elementor-element-4c1c1a0 elementor-widget elementor-widget-text-editor\" data-id=\"4c1c1a0\" data-element_type=\"widget\" data-widget_type=\"text-editor.default\">\n\t\t\t\t<div class=\"elementor-widget-container\">\n\t\t\t\t\t\t\t\t\t<p>17 rue Marbeuf<br>75008 Paris<\/p><p><strong>07 80 91 23 61<\/strong><\/p><p>contact@salles-parisiennes.com<\/p>\t\t\t\t\t\t\t\t<\/div>\n\t\t\t\t<\/div>\n\t\t\t\t<\/div>\n\t\t<div class=\"elementor-element elementor-element-2d4b838 e-con-full e-flex e-con e-child\" data-id=\"2d4b838\" data-element_type=\"container\">\n\t\t\t\t<div class=\"elementor-element elementor-element-ede6ec4 elementor-widget elementor-widget-text-editor\" data-id=\"ede6ec4\" data-element_type=\"widget\" data-widget_type=\"text-editor.default\">\n\t\t\t\t<div class=\"elementor-widget-container\">\n\t\t\t\t\t\t\t\t\t<p><a style=\"color: #262626;\" href=\"https:\/\/www.linkedin.com\/company\/salles-parisiennes\/\">Linkedin<\/a><br><a style=\"color: #262626;\" href=\"https:\/\/www.instagram.com\/sallesparisiennes\/\">Instagram<\/a><br><a style=\"color: #262626;\" href=\"https:\/\/www.facebook.com\/sallesparis\">Facebook<\/a><\/p>\t\t\t\t\t\t\t\t<\/div>\n\t\t\t\t<\/div>\n\t\t\t\t<\/div>\n\t\t\t\t<\/div>\n\t\t\t\t<\/div>\n\t\t<div class=\"elementor-element elementor-element-632dd83 e-con-full e-flex e-con e-child\" data-id=\"632dd83\" data-element_type=\"container\">\n\t\t\t\t<div class=\"elementor-element elementor-element-d1a4b17 elementor-widget elementor-widget-wpforms\" data-id=\"d1a4b17\" data-element_type=\"widget\" data-widget_type=\"wpforms.default\">\n\t\t\t\t<div class=\"elementor-widget-container\">\n\t\t\t\t\t<div class=\"wpforms-container wpforms-container-full wpforms-render-modern\" id=\"wpforms-2351\"><form id=\"wpforms-form-2351\" class=\"wpforms-validate wpforms-form wpforms-ajax-form\" data-formid=\"2351\" method=\"post\" enctype=\"multipart\/form-data\" action=\"\/en\/wp-json\/wp\/v2\/pages\/5474\" data-token=\"876249e73efdea1415e2aeb41fced079\" data-token-time=\"1777388720\"><noscript class=\"wpforms-error-noscript\">Please enable JavaScript in your browser to complete this form.<\/noscript><div id=\"wpforms-error-noscript\" style=\"display: none;\">Please enable JavaScript in your browser to complete this form.<\/div><div class=\"wpforms-field-container\"><div id=\"wpforms-2351-field_5-container\" class=\"wpforms-field wpforms-field-layout\" data-field-id=\"5\"><div class=\"wpforms-field-layout-rows wpforms-field-large\"><div class=\"wpforms-layout-row\"><div class=\"wpforms-layout-column wpforms-layout-column-33\"><div id=\"wpforms-2351-field_6-container\" class=\"wpforms-field wpforms-field-text\" data-field-id=\"6\"><label class=\"wpforms-field-label wpforms-label-hide\" for=\"wpforms-2351-field_6\" aria-hidden=\"false\">Pr\u00e9nom <span class=\"wpforms-required-label\" aria-hidden=\"true\">*<\/span><\/label><input type=\"text\" id=\"wpforms-2351-field_6\" class=\"wpforms-field-medium wpforms-field-required\" name=\"wpforms[fields][6]\" placeholder=\"Pr\u00e9nom\" aria-errormessage=\"wpforms-2351-field_6-error\" required><\/div><\/div><div class=\"wpforms-layout-column wpforms-layout-column-33\"><div id=\"wpforms-2351-field_7-container\" class=\"wpforms-field wpforms-field-text\" data-field-id=\"7\"><label class=\"wpforms-field-label wpforms-label-hide\" for=\"wpforms-2351-field_7\" aria-hidden=\"false\">Nom <span class=\"wpforms-required-label\" aria-hidden=\"true\">*<\/span><\/label><input type=\"text\" id=\"wpforms-2351-field_7\" class=\"wpforms-field-medium wpforms-field-required\" name=\"wpforms[fields][7]\" placeholder=\"Nom\" aria-errormessage=\"wpforms-2351-field_7-error\" required><\/div><\/div><div class=\"wpforms-layout-column wpforms-layout-column-33\"><\/div><\/div><\/div><\/div><div id=\"wpforms-2351-field_16-container\" class=\"wpforms-field wpforms-field-layout\" data-field-id=\"16\"><div class=\"wpforms-field-layout-rows wpforms-field-large\"><div class=\"wpforms-layout-row\"><div class=\"wpforms-layout-column wpforms-layout-column-33\"><div id=\"wpforms-2351-field_13-container\" class=\"wpforms-field wpforms-field-radio wpforms-list-inline wpforms-conditional-trigger\" data-field-id=\"13\"><fieldset><legend class=\"wpforms-field-label wpforms-label-hide\" aria-hidden=\"false\">Entreprise\/particulier  <span class=\"wpforms-required-label\" aria-hidden=\"true\">*<\/span><\/legend><ul id=\"wpforms-2351-field_13\" class=\"wpforms-field-required\"><li class=\"choice-1 depth-1\"><input type=\"radio\" id=\"wpforms-2351-field_13_1\" name=\"wpforms[fields][13]\" value=\"Entreprise\" aria-errormessage=\"wpforms-2351-field_13_1-error\" required ><label class=\"wpforms-field-label-inline\" for=\"wpforms-2351-field_13_1\">Entreprise<\/label><\/li><li class=\"choice-2 depth-1\"><input type=\"radio\" id=\"wpforms-2351-field_13_2\" name=\"wpforms[fields][13]\" value=\"Particulier\" aria-errormessage=\"wpforms-2351-field_13_2-error\" required ><label class=\"wpforms-field-label-inline\" for=\"wpforms-2351-field_13_2\">Particulier<\/label><\/li><\/ul><\/fieldset><\/div><\/div><div class=\"wpforms-layout-column wpforms-layout-column-33\"><div id=\"wpforms-2351-field_8-container\" class=\"wpforms-field wpforms-field-select wpforms-conditional-field wpforms-conditional-show wpforms-field-select-style-classic\" data-field-id=\"8\" style=\"display:none;\"><label class=\"wpforms-field-label wpforms-label-hide\" for=\"wpforms-2351-field_8\" aria-hidden=\"false\">Fonction <span class=\"wpforms-required-label\" aria-hidden=\"true\">*<\/span><\/label><select id=\"wpforms-2351-field_8\" class=\"wpforms-field-large wpforms-field-required\" name=\"wpforms[fields][8]\" required=\"required\"><option value=\"\" class=\"placeholder\" disabled  selected='selected'>Fonction<\/option><option value=\"Responsable Communication\"  class=\"choice-1 depth-1\"  >Responsable Communication<\/option><option value=\"Responsable \u00c9v\u00e9nementiel\"  class=\"choice-2 depth-1\"  >Responsable \u00c9v\u00e9nementiel<\/option><option value=\"Chef de Projet \u00c9v\u00e9nementiel\"  class=\"choice-3 depth-1\"  >Chef de Projet \u00c9v\u00e9nementiel<\/option><option value=\"Office Manager\"  class=\"choice-4 depth-1\"  >Office Manager<\/option><option value=\"Responsable RH\"  class=\"choice-5 depth-1\"  >Responsable RH<\/option><option value=\"Directeur G\u00e9n\u00e9ral\"  class=\"choice-6 depth-1\"  >Directeur G\u00e9n\u00e9ral<\/option><option value=\"Responsable RSE\"  class=\"choice-7 depth-1\"  >Responsable RSE<\/option><option value=\"Responsable Partenariats \/ Sponsoring\"  class=\"choice-8 depth-1\"  >Responsable Partenariats \/ Sponsoring<\/option><option value=\"Assistant(e) de Direction\"  class=\"choice-9 depth-1\"  >Assistant(e) de Direction<\/option><option value=\"Autres\"  class=\"choice-10 depth-1\"  >Autres<\/option><\/select><\/div><\/div><div class=\"wpforms-layout-column wpforms-layout-column-33\"><div id=\"wpforms-2351-field_14-container\" class=\"wpforms-field wpforms-field-text wpforms-conditional-field wpforms-conditional-show\" data-field-id=\"14\" style=\"display:none;\"><label class=\"wpforms-field-label wpforms-label-hide\" for=\"wpforms-2351-field_14\" aria-hidden=\"false\">Nom de l&#039;entreprise <span class=\"wpforms-required-label\" aria-hidden=\"true\">*<\/span><\/label><input type=\"text\" id=\"wpforms-2351-field_14\" class=\"wpforms-field-medium wpforms-field-required\" name=\"wpforms[fields][14]\" placeholder=\"Nom de l&#039;entreprise\" aria-errormessage=\"wpforms-2351-field_14-error\" required><\/div><\/div><\/div><\/div><\/div><div id=\"wpforms-2351-field_15-container\" class=\"wpforms-field wpforms-field-layout\" data-field-id=\"15\"><div class=\"wpforms-field-layout-rows wpforms-field-large\"><div class=\"wpforms-layout-row\"><div class=\"wpforms-layout-column wpforms-layout-column-33\"><div id=\"wpforms-2351-field_2-container\" class=\"wpforms-field wpforms-field-email\" data-field-id=\"2\"><label class=\"wpforms-field-label wpforms-label-hide\" for=\"wpforms-2351-field_2\" aria-hidden=\"false\">E-mail <span class=\"wpforms-required-label\" aria-hidden=\"true\">*<\/span><\/label><input type=\"email\" id=\"wpforms-2351-field_2\" class=\"wpforms-field-large wpforms-field-required\" name=\"wpforms[fields][2]\" placeholder=\"E-mail\" spellcheck=\"false\" aria-errormessage=\"wpforms-2351-field_2-error\" required><\/div><\/div><div class=\"wpforms-layout-column wpforms-layout-column-33\"><div id=\"wpforms-2351-field_4-container\" class=\"wpforms-field wpforms-field-phone\" data-field-id=\"4\"><label class=\"wpforms-field-label wpforms-label-hide\" for=\"wpforms-2351-field_4\" aria-hidden=\"false\">T\u00e9l\u00e9phone <span class=\"wpforms-required-label\" aria-hidden=\"true\">*<\/span><\/label><input type=\"tel\" id=\"wpforms-2351-field_4\" class=\"wpforms-field-large wpforms-field-required wpforms-smart-phone-field\" data-rule-smart-phone-field=\"true\" name=\"wpforms[fields][4]\" placeholder=\"T\u00e9l\u00e9phone\" aria-label=\"T\u00e9l\u00e9phone\" aria-errormessage=\"wpforms-2351-field_4-error\" required><\/div><\/div><div class=\"wpforms-layout-column wpforms-layout-column-33\"><\/div><\/div><\/div><\/div><div id=\"wpforms-2351-field_3-container\" class=\"wpforms-field wpforms-field-textarea\" data-field-id=\"3\"><label class=\"wpforms-field-label wpforms-label-hide\" for=\"wpforms-2351-field_3\" aria-hidden=\"false\">Commentaire ou message <span class=\"wpforms-required-label\" aria-hidden=\"true\">*<\/span><\/label><textarea id=\"wpforms-2351-field_3\" class=\"wpforms-field-large wpforms-field-required\" name=\"wpforms[fields][3]\" placeholder=\"Votre message\" aria-errormessage=\"wpforms-2351-field_3-error\" required><\/textarea><\/div><div id=\"wpforms-2351-field_10-container\" class=\"wpforms-field wpforms-field-hidden\" data-field-id=\"10\"><input type=\"hidden\" id=\"wpforms-2351-field_10\" name=\"wpforms[fields][10]\" value=\"https:\/\/salles-parisiennes.com\/en\/wp-json\/wp\/v2\/pages\/5474\"><\/div><div id=\"wpforms-2351-field_11-container\" class=\"wpforms-field wpforms-field-hidden\" data-field-id=\"11\"><input type=\"hidden\" id=\"wpforms-2351-field_11\" name=\"wpforms[fields][11]\"><\/div><\/div><!-- .wpforms-field-container --><div class=\"wpforms-recaptcha-container wpforms-is-hcaptcha\" ><div class=\"h-captcha\" data-sitekey=\"2bc4dc8e-8ab4-4420-bac8-e588902ca3e4\"><\/div><input type=\"text\" name=\"g-recaptcha-hidden\" class=\"wpforms-recaptcha-hidden\" style=\"position:absolute!important;clip:rect(0,0,0,0)!important;height:1px!important;width:1px!important;border:0!important;overflow:hidden!important;padding:0!important;margin:0!important;\" data-rule-hcaptcha=\"1\"><\/div><div class=\"wpforms-submit-container\" ><input type=\"hidden\" name=\"wpforms[id]\" value=\"2351\"><input type=\"hidden\" name=\"page_title\" value=\"\"><input type=\"hidden\" name=\"page_url\" value=\"https:\/\/salles-parisiennes.com\/en\/wp-json\/wp\/v2\/pages\/5474\"><input type=\"hidden\" name=\"url_referer\" value=\"\"><button type=\"submit\" name=\"wpforms[submit]\" id=\"wpforms-submit-2351\" class=\"wpforms-submit\" data-alt-text=\"Envoi...\" data-submit-text=\"Envoyer\" aria-live=\"assertive\" value=\"wpforms-submit\">Envoyer<\/button><img decoding=\"async\" src=\"https:\/\/salles-parisiennes.com\/wp-content\/plugins\/wpforms\/assets\/images\/submit-spin.svg\" class=\"wpforms-submit-spinner\" style=\"display: none;\" width=\"26\" height=\"26\" alt=\"Loading\"><\/div><\/form><\/div>  <!-- .wpforms-container -->\t\t\t\t<\/div>\n\t\t\t\t<\/div>\n\t\t\t\t<\/div>\n\t\t\t\t\t<\/div>\n\t\t\t\t<\/div>\n\t\t\t\t<\/div>\n\t\t\t\t<\/div>\n\t\t","protected":false},"excerpt":{"rendered":"<p>Contact us for any questions or to receive a quote 17 rue Marbeuf75008 Paris 07 80 91 23 61 contact@salles-parisiennes.com LinkedinInstagramFacebook Veuillez activer JavaScript dans votre navigateur pour remplir ce formulaire.Veuillez activer JavaScript dans votre navigateur pour remplir ce formulaire.Pr\u00e9nom *Nom *T\u00e9l\u00e9phone *E-mail *Commentaire ou message *Envoyer<\/p>\n","protected":false},"author":1,"featured_media":0,"parent":0,"menu_order":0,"comment_status":"closed","ping_status":"closed","template":"","meta":{"_acf_changed":false,"footnotes":""},"class_list":["post-5474","page","type-page","status-publish","hentry"],"acf":[],"yoast_head":"<!-- This site is optimized with the Yoast SEO plugin v26.3 - https:\/\/yoast.com\/wordpress\/plugins\/seo\/ -->\n<title>Atypical rooms for rent in Paris - Salles Parisiennes<\/title>\n<meta name=\"description\" content=\"Salles Parisiennes rents out atypical rooms for your event! Find the ideal venue for an unforgettable event in Paris.\" \/>\n<meta name=\"robots\" content=\"index, follow, max-snippet:-1, max-image-preview:large, max-video-preview:-1\" \/>\n<link rel=\"canonical\" href=\"https:\/\/salles-parisiennes.com\/contact\/\" \/>\n<meta property=\"og:locale\" content=\"en_US\" \/>\n<meta property=\"og:type\" content=\"article\" \/>\n<meta property=\"og:title\" content=\"Atypical rooms for rent in Paris - Salles Parisiennes\" \/>\n<meta property=\"og:description\" content=\"Salles Parisiennes rents out atypical rooms for your event! Find the ideal venue for an unforgettable event in Paris.\" \/>\n<meta property=\"og:url\" content=\"https:\/\/salles-parisiennes.com\/contact\/\" \/>\n<meta property=\"og:site_name\" content=\"Salles Parisiennes\" \/>\n<meta property=\"article:modified_time\" content=\"2025-04-23T13:44:33+00:00\" \/>\n<meta property=\"og:image\" content=\"https:\/\/salles-parisiennes.com\/wp-content\/plugins\/wpforms\/assets\/images\/submit-spin.svg\" \/>\n<meta name=\"twitter:card\" content=\"summary_large_image\" \/>\n<script type=\"application\/ld+json\" class=\"yoast-schema-graph\">{\"@context\":\"https:\/\/schema.org\",\"@graph\":[{\"@type\":\"WebPage\",\"@id\":\"https:\/\/salles-parisiennes.com\/contact\/\",\"url\":\"https:\/\/salles-parisiennes.com\/contact\/\",\"name\":\"Atypical rooms for rent in Paris - Salles Parisiennes\",\"isPartOf\":{\"@id\":\"https:\/\/salles-parisiennes.com\/#website\"},\"primaryImageOfPage\":{\"@id\":\"https:\/\/salles-parisiennes.com\/contact\/#primaryimage\"},\"image\":{\"@id\":\"https:\/\/salles-parisiennes.com\/contact\/#primaryimage\"},\"thumbnailUrl\":\"https:\/\/salles-parisiennes.com\/wp-content\/plugins\/wpforms\/assets\/images\/submit-spin.svg\",\"datePublished\":\"2025-02-11T10:13:55+00:00\",\"dateModified\":\"2025-04-23T13:44:33+00:00\",\"description\":\"Salles Parisiennes rents out atypical rooms for your event! Find the ideal venue for an unforgettable event in Paris.\",\"breadcrumb\":{\"@id\":\"https:\/\/salles-parisiennes.com\/contact\/#breadcrumb\"},\"inLanguage\":\"en-US\",\"potentialAction\":[{\"@type\":\"ReadAction\",\"target\":[\"https:\/\/salles-parisiennes.com\/contact\/\"]}]},{\"@type\":\"ImageObject\",\"inLanguage\":\"en-US\",\"@id\":\"https:\/\/salles-parisiennes.com\/contact\/#primaryimage\",\"url\":\"https:\/\/salles-parisiennes.com\/wp-content\/plugins\/wpforms\/assets\/images\/submit-spin.svg\",\"contentUrl\":\"https:\/\/salles-parisiennes.com\/wp-content\/plugins\/wpforms\/assets\/images\/submit-spin.svg\"},{\"@type\":\"BreadcrumbList\",\"@id\":\"https:\/\/salles-parisiennes.com\/contact\/#breadcrumb\",\"itemListElement\":[{\"@type\":\"ListItem\",\"position\":1,\"name\":\"Accueil\",\"item\":\"https:\/\/salles-parisiennes.com\/en\/\"},{\"@type\":\"ListItem\",\"position\":2,\"name\":\"Contact\"}]},{\"@type\":\"WebSite\",\"@id\":\"https:\/\/salles-parisiennes.com\/#website\",\"url\":\"https:\/\/salles-parisiennes.com\/\",\"name\":\"Salles Parisiennes\",\"description\":\"\",\"publisher\":{\"@id\":\"https:\/\/salles-parisiennes.com\/#organization\"},\"potentialAction\":[{\"@type\":\"SearchAction\",\"target\":{\"@type\":\"EntryPoint\",\"urlTemplate\":\"https:\/\/salles-parisiennes.com\/?s={search_term_string}\"},\"query-input\":{\"@type\":\"PropertyValueSpecification\",\"valueRequired\":true,\"valueName\":\"search_term_string\"}}],\"inLanguage\":\"en-US\"},{\"@type\":\"Organization\",\"@id\":\"https:\/\/salles-parisiennes.com\/#organization\",\"name\":\"Salles Parisiennes\",\"url\":\"https:\/\/salles-parisiennes.com\/\",\"logo\":{\"@type\":\"ImageObject\",\"inLanguage\":\"en-US\",\"@id\":\"https:\/\/salles-parisiennes.com\/#\/schema\/logo\/image\/\",\"url\":\"https:\/\/salles-parisiennes.com\/wp-content\/uploads\/2024\/09\/logo-header.svg\",\"contentUrl\":\"https:\/\/salles-parisiennes.com\/wp-content\/uploads\/2024\/09\/logo-header.svg\",\"width\":113,\"height\":35,\"caption\":\"Salles Parisiennes\"},\"image\":{\"@id\":\"https:\/\/salles-parisiennes.com\/#\/schema\/logo\/image\/\"}}]}<\/script>\n<!-- \/ Yoast SEO plugin. -->","yoast_head_json":{"title":"Atypical rooms for rent in Paris - Salles Parisiennes","description":"Salles Parisiennes rents out atypical rooms for your event! Find the ideal venue for an unforgettable event in Paris.","robots":{"index":"index","follow":"follow","max-snippet":"max-snippet:-1","max-image-preview":"max-image-preview:large","max-video-preview":"max-video-preview:-1"},"canonical":"https:\/\/salles-parisiennes.com\/contact\/","og_locale":"en_US","og_type":"article","og_title":"Atypical rooms for rent in Paris - Salles Parisiennes","og_description":"Salles Parisiennes rents out atypical rooms for your event! Find the ideal venue for an unforgettable event in Paris.","og_url":"https:\/\/salles-parisiennes.com\/contact\/","og_site_name":"Salles Parisiennes","article_modified_time":"2025-04-23T13:44:33+00:00","og_image":[{"url":"https:\/\/salles-parisiennes.com\/wp-content\/plugins\/wpforms\/assets\/images\/submit-spin.svg","type":"","width":"","height":""}],"twitter_card":"summary_large_image","schema":{"@context":"https:\/\/schema.org","@graph":[{"@type":"WebPage","@id":"https:\/\/salles-parisiennes.com\/contact\/","url":"https:\/\/salles-parisiennes.com\/contact\/","name":"Atypical rooms for rent in Paris - Salles Parisiennes","isPartOf":{"@id":"https:\/\/salles-parisiennes.com\/#website"},"primaryImageOfPage":{"@id":"https:\/\/salles-parisiennes.com\/contact\/#primaryimage"},"image":{"@id":"https:\/\/salles-parisiennes.com\/contact\/#primaryimage"},"thumbnailUrl":"https:\/\/salles-parisiennes.com\/wp-content\/plugins\/wpforms\/assets\/images\/submit-spin.svg","datePublished":"2025-02-11T10:13:55+00:00","dateModified":"2025-04-23T13:44:33+00:00","description":"Salles Parisiennes rents out atypical rooms for your event! Find the ideal venue for an unforgettable event in Paris.","breadcrumb":{"@id":"https:\/\/salles-parisiennes.com\/contact\/#breadcrumb"},"inLanguage":"en-US","potentialAction":[{"@type":"ReadAction","target":["https:\/\/salles-parisiennes.com\/contact\/"]}]},{"@type":"ImageObject","inLanguage":"en-US","@id":"https:\/\/salles-parisiennes.com\/contact\/#primaryimage","url":"https:\/\/salles-parisiennes.com\/wp-content\/plugins\/wpforms\/assets\/images\/submit-spin.svg","contentUrl":"https:\/\/salles-parisiennes.com\/wp-content\/plugins\/wpforms\/assets\/images\/submit-spin.svg"},{"@type":"BreadcrumbList","@id":"https:\/\/salles-parisiennes.com\/contact\/#breadcrumb","itemListElement":[{"@type":"ListItem","position":1,"name":"Accueil","item":"https:\/\/salles-parisiennes.com\/en\/"},{"@type":"ListItem","position":2,"name":"Contact"}]},{"@type":"WebSite","@id":"https:\/\/salles-parisiennes.com\/#website","url":"https:\/\/salles-parisiennes.com\/","name":"Salles Parisiennes","description":"","publisher":{"@id":"https:\/\/salles-parisiennes.com\/#organization"},"potentialAction":[{"@type":"SearchAction","target":{"@type":"EntryPoint","urlTemplate":"https:\/\/salles-parisiennes.com\/?s={search_term_string}"},"query-input":{"@type":"PropertyValueSpecification","valueRequired":true,"valueName":"search_term_string"}}],"inLanguage":"en-US"},{"@type":"Organization","@id":"https:\/\/salles-parisiennes.com\/#organization","name":"Salles Parisiennes","url":"https:\/\/salles-parisiennes.com\/","logo":{"@type":"ImageObject","inLanguage":"en-US","@id":"https:\/\/salles-parisiennes.com\/#\/schema\/logo\/image\/","url":"https:\/\/salles-parisiennes.com\/wp-content\/uploads\/2024\/09\/logo-header.svg","contentUrl":"https:\/\/salles-parisiennes.com\/wp-content\/uploads\/2024\/09\/logo-header.svg","width":113,"height":35,"caption":"Salles Parisiennes"},"image":{"@id":"https:\/\/salles-parisiennes.com\/#\/schema\/logo\/image\/"}}]}},"_links":{"self":[{"href":"https:\/\/salles-parisiennes.com\/en\/wp-json\/wp\/v2\/pages\/5474","targetHints":{"allow":["GET"]}}],"collection":[{"href":"https:\/\/salles-parisiennes.com\/en\/wp-json\/wp\/v2\/pages"}],"about":[{"href":"https:\/\/salles-parisiennes.com\/en\/wp-json\/wp\/v2\/types\/page"}],"author":[{"embeddable":true,"href":"https:\/\/salles-parisiennes.com\/en\/wp-json\/wp\/v2\/users\/1"}],"replies":[{"embeddable":true,"href":"https:\/\/salles-parisiennes.com\/en\/wp-json\/wp\/v2\/comments?post=5474"}],"version-history":[{"count":3,"href":"https:\/\/salles-parisiennes.com\/en\/wp-json\/wp\/v2\/pages\/5474\/revisions"}],"predecessor-version":[{"id":5477,"href":"https:\/\/salles-parisiennes.com\/en\/wp-json\/wp\/v2\/pages\/5474\/revisions\/5477"}],"wp:attachment":[{"href":"https:\/\/salles-parisiennes.com\/en\/wp-json\/wp\/v2\/media?parent=5474"}],"curies":[{"name":"wp","href":"https:\/\/api.w.org\/{rel}","templated":true}]}}