{"id":5738,"date":"2025-05-21T10:25:36","date_gmt":"2025-05-21T10:25:36","guid":{"rendered":"https:\/\/salles-parisiennes.com\/produit\/3-mazarium\/"},"modified":"2025-05-21T10:25:36","modified_gmt":"2025-05-21T10:25:36","slug":"3-mazarium-2","status":"publish","type":"product","link":"https:\/\/salles-parisiennes.com\/en\/produit\/3-mazarium-2\/","title":{"rendered":"3 Mazarium"},"content":{"rendered":"<p>A unique venue blending centuries of history, contemporary design, and prestigious receptions. Designed by Atelier Marc Barani, this modern space seamlessly integrates into an exceptional architectural ensemble. The 3 Mazarium is designed to host your corporate, institutional, or private events.<\/p>\n","protected":false},"excerpt":{"rendered":"<p>A unique venue blending centuries of history, contemporary design, and prestigious receptions. Designed by Atelier Marc Barani, this modern space seamlessly integrates into an exceptional architectural ensemble. The 3 Mazarium is designed to host your corporate, institutional, or private events.<\/p>\n","protected":false},"featured_media":4576,"comment_status":"closed","ping_status":"open","template":"","meta":{"_acf_changed":false},"experience":[189,284,291,311],"formule":[183,190,287],"nombre-de-personnes":[249],"secteur-geographique":[300],"product_brand":[],"product_cat":[266,282,272],"product_tag":[],"class_list":{"0":"post-5738","1":"product","2":"type-product","3":"status-publish","4":"has-post-thumbnail","6":"experience-conference","7":"experience-soiree-dentreprise-en","8":"experience-exhibition","9":"experience-study-day","10":"formule-cocktail","11":"formule-conference","12":"formule-diner-en","13":"nombre-de-personnes-249","14":"secteur-geographique-center-paris","15":"product_cat-auditorium-meeting-room","16":"product_cat-terrace","17":"product_cat-unique-venue","19":"first","20":"instock","21":"purchasable","22":"product-type-simple","23":"add-to-wishlist-before_image"},"acf":[],"yoast_head":"<!-- This site is optimized with the Yoast SEO plugin v26.3 - https:\/\/yoast.com\/wordpress\/plugins\/seo\/ -->\n<title>3 Mazarium - Salles Parisiennes<\/title>\n<meta name=\"robots\" content=\"index, follow, max-snippet:-1, max-image-preview:large, max-video-preview:-1\" \/>\n<link rel=\"canonical\" href=\"https:\/\/salles-parisiennes.com\/en\/produit\/3-mazarium-2\/\" \/>\n<meta property=\"og:locale\" content=\"en_US\" \/>\n<meta property=\"og:type\" content=\"article\" \/>\n<meta property=\"og:title\" content=\"3 Mazarium - Salles Parisiennes\" \/>\n<meta property=\"og:description\" content=\"A unique venue blending centuries of history, contemporary design, and prestigious receptions. Designed by Atelier Marc Barani, this modern space seamlessly integrates into an exceptional architectural ensemble. The 3 Mazarium is designed to host your corporate, institutional, or private events.\" \/>\n<meta property=\"og:url\" content=\"https:\/\/salles-parisiennes.com\/en\/produit\/3-mazarium-2\/\" \/>\n<meta property=\"og:site_name\" content=\"Salles Parisiennes\" \/>\n<meta property=\"og:image\" content=\"https:\/\/salles-parisiennes.com\/wp-content\/uploads\/2025\/04\/Premie\u2560Cre-Photo-1.jpg\" \/>\n\t<meta property=\"og:image:width\" content=\"1920\" \/>\n\t<meta property=\"og:image:height\" content=\"1280\" \/>\n\t<meta property=\"og:image:type\" content=\"image\/jpeg\" \/>\n<meta name=\"twitter:card\" content=\"summary_large_image\" \/>\n<script type=\"application\/ld+json\" class=\"yoast-schema-graph\">{\"@context\":\"https:\/\/schema.org\",\"@graph\":[{\"@type\":\"WebPage\",\"@id\":\"https:\/\/salles-parisiennes.com\/en\/produit\/3-mazarium-2\/\",\"url\":\"https:\/\/salles-parisiennes.com\/en\/produit\/3-mazarium-2\/\",\"name\":\"3 Mazarium - Salles Parisiennes\",\"isPartOf\":{\"@id\":\"https:\/\/salles-parisiennes.com\/#website\"},\"primaryImageOfPage\":{\"@id\":\"https:\/\/salles-parisiennes.com\/en\/produit\/3-mazarium-2\/#primaryimage\"},\"image\":{\"@id\":\"https:\/\/salles-parisiennes.com\/en\/produit\/3-mazarium-2\/#primaryimage\"},\"thumbnailUrl\":\"https:\/\/salles-parisiennes.com\/wp-content\/uploads\/2025\/04\/Premie\u2560Cre-Photo-1.jpg\",\"datePublished\":\"2025-05-21T10:25:36+00:00\",\"breadcrumb\":{\"@id\":\"https:\/\/salles-parisiennes.com\/en\/produit\/3-mazarium-2\/#breadcrumb\"},\"inLanguage\":\"en-US\",\"potentialAction\":[{\"@type\":\"ReadAction\",\"target\":[\"https:\/\/salles-parisiennes.com\/en\/produit\/3-mazarium-2\/\"]}]},{\"@type\":\"ImageObject\",\"inLanguage\":\"en-US\",\"@id\":\"https:\/\/salles-parisiennes.com\/en\/produit\/3-mazarium-2\/#primaryimage\",\"url\":\"https:\/\/salles-parisiennes.com\/wp-content\/uploads\/2025\/04\/Premie\u2560Cre-Photo-1.jpg\",\"contentUrl\":\"https:\/\/salles-parisiennes.com\/wp-content\/uploads\/2025\/04\/Premie\u2560Cre-Photo-1.jpg\",\"width\":1920,\"height\":1280,\"caption\":\"Auditorium Andr\u00e9 et Lilianne Bettencourt. Institut de France, Paris. France. 06\/12\/2018 \u00a9Patrick Tourneboeuf\/OPPIC\/Tendance Floue L'auditorium de 400 places et ses annexes (foyer, salles de r\u00e9unions, locaux techniques) situ\u00e9 sur la parcelle historiquement d\u00e9nomm\u00e9e \u00abparcelle de l\u2019An IV\u00bb. Cette parcelle, occup\u00e9e pendant deux si\u00e8cles par des ateliers de frappe de m\u00e9dailles de la Monnaie de Paris mitoyenne du site, fut restitu\u00e9e \u00e0 l\u2019Institut de France. La parcelle \u00e9tait en partie occup\u00e9e par une halle industrielle de la fin du XIXeme si\u00e8cle dite \u00ab des nouveaux ateliers \u00bb et se situe \u00e0 l\u2019aplomb de l\u2019enceinte de Philippe Auguste. Parti pris architectural La halle industrielle conservee et mise en valeur abrite dans un espace fl\u00e9xible, p\u00f4le d\u2019accueil, foyer et salle \u00e0 vocation mixte. Un corps de b\u00e2timent adoss\u00e9 \u00e0 l\u2019H\u00f4tel de la Monnaie est dedi\u00e9 aux salles de r\u00e9unions et aux bureaux dans le prolongement de l\u2019aile Lebas. L\u2019auditorium s\u2019implante en fond de parcelle dans l\u2019alignement du batiment des Longitudes, enti\u00e8rement r\u00e9nov\u00e9 dans le cadre du projet. Surface Environ 2 600 m\u00b2 utiles Marc Barani \u2013 Architecte (mandataire du groupement de ma\u00eetrise d\u2019\u0153uvre)\"},{\"@type\":\"BreadcrumbList\",\"@id\":\"https:\/\/salles-parisiennes.com\/en\/produit\/3-mazarium-2\/#breadcrumb\",\"itemListElement\":[{\"@type\":\"ListItem\",\"position\":1,\"name\":\"Accueil\",\"item\":\"https:\/\/salles-parisiennes.com\/en\/\"},{\"@type\":\"ListItem\",\"position\":2,\"name\":\"Boutique\",\"item\":\"https:\/\/salles-parisiennes.com\/?page_id=4313\"},{\"@type\":\"ListItem\",\"position\":3,\"name\":\"3 Mazarium\"}]},{\"@type\":\"WebSite\",\"@id\":\"https:\/\/salles-parisiennes.com\/#website\",\"url\":\"https:\/\/salles-parisiennes.com\/\",\"name\":\"Salles Parisiennes\",\"description\":\"\",\"publisher\":{\"@id\":\"https:\/\/salles-parisiennes.com\/#organization\"},\"potentialAction\":[{\"@type\":\"SearchAction\",\"target\":{\"@type\":\"EntryPoint\",\"urlTemplate\":\"https:\/\/salles-parisiennes.com\/?s={search_term_string}\"},\"query-input\":{\"@type\":\"PropertyValueSpecification\",\"valueRequired\":true,\"valueName\":\"search_term_string\"}}],\"inLanguage\":\"en-US\"},{\"@type\":\"Organization\",\"@id\":\"https:\/\/salles-parisiennes.com\/#organization\",\"name\":\"Salles Parisiennes\",\"url\":\"https:\/\/salles-parisiennes.com\/\",\"logo\":{\"@type\":\"ImageObject\",\"inLanguage\":\"en-US\",\"@id\":\"https:\/\/salles-parisiennes.com\/#\/schema\/logo\/image\/\",\"url\":\"https:\/\/salles-parisiennes.com\/wp-content\/uploads\/2024\/09\/logo-header.svg\",\"contentUrl\":\"https:\/\/salles-parisiennes.com\/wp-content\/uploads\/2024\/09\/logo-header.svg\",\"width\":113,\"height\":35,\"caption\":\"Salles Parisiennes\"},\"image\":{\"@id\":\"https:\/\/salles-parisiennes.com\/#\/schema\/logo\/image\/\"}}]}<\/script>\n<!-- \/ Yoast SEO plugin. -->","yoast_head_json":{"title":"3 Mazarium - Salles Parisiennes","robots":{"index":"index","follow":"follow","max-snippet":"max-snippet:-1","max-image-preview":"max-image-preview:large","max-video-preview":"max-video-preview:-1"},"canonical":"https:\/\/salles-parisiennes.com\/en\/produit\/3-mazarium-2\/","og_locale":"en_US","og_type":"article","og_title":"3 Mazarium - Salles Parisiennes","og_description":"A unique venue blending centuries of history, contemporary design, and prestigious receptions. Designed by Atelier Marc Barani, this modern space seamlessly integrates into an exceptional architectural ensemble. The 3 Mazarium is designed to host your corporate, institutional, or private events.","og_url":"https:\/\/salles-parisiennes.com\/en\/produit\/3-mazarium-2\/","og_site_name":"Salles Parisiennes","og_image":[{"width":1920,"height":1280,"url":"https:\/\/salles-parisiennes.com\/wp-content\/uploads\/2025\/04\/Premie\u2560Cre-Photo-1.jpg","type":"image\/jpeg"}],"twitter_card":"summary_large_image","schema":{"@context":"https:\/\/schema.org","@graph":[{"@type":"WebPage","@id":"https:\/\/salles-parisiennes.com\/en\/produit\/3-mazarium-2\/","url":"https:\/\/salles-parisiennes.com\/en\/produit\/3-mazarium-2\/","name":"3 Mazarium - Salles Parisiennes","isPartOf":{"@id":"https:\/\/salles-parisiennes.com\/#website"},"primaryImageOfPage":{"@id":"https:\/\/salles-parisiennes.com\/en\/produit\/3-mazarium-2\/#primaryimage"},"image":{"@id":"https:\/\/salles-parisiennes.com\/en\/produit\/3-mazarium-2\/#primaryimage"},"thumbnailUrl":"https:\/\/salles-parisiennes.com\/wp-content\/uploads\/2025\/04\/Premie\u2560Cre-Photo-1.jpg","datePublished":"2025-05-21T10:25:36+00:00","breadcrumb":{"@id":"https:\/\/salles-parisiennes.com\/en\/produit\/3-mazarium-2\/#breadcrumb"},"inLanguage":"en-US","potentialAction":[{"@type":"ReadAction","target":["https:\/\/salles-parisiennes.com\/en\/produit\/3-mazarium-2\/"]}]},{"@type":"ImageObject","inLanguage":"en-US","@id":"https:\/\/salles-parisiennes.com\/en\/produit\/3-mazarium-2\/#primaryimage","url":"https:\/\/salles-parisiennes.com\/wp-content\/uploads\/2025\/04\/Premie\u2560Cre-Photo-1.jpg","contentUrl":"https:\/\/salles-parisiennes.com\/wp-content\/uploads\/2025\/04\/Premie\u2560Cre-Photo-1.jpg","width":1920,"height":1280,"caption":"Auditorium Andr\u00e9 et Lilianne Bettencourt. Institut de France, Paris. France. 06\/12\/2018 \u00a9Patrick Tourneboeuf\/OPPIC\/Tendance Floue L'auditorium de 400 places et ses annexes (foyer, salles de r\u00e9unions, locaux techniques) situ\u00e9 sur la parcelle historiquement d\u00e9nomm\u00e9e \u00abparcelle de l\u2019An IV\u00bb. Cette parcelle, occup\u00e9e pendant deux si\u00e8cles par des ateliers de frappe de m\u00e9dailles de la Monnaie de Paris mitoyenne du site, fut restitu\u00e9e \u00e0 l\u2019Institut de France. La parcelle \u00e9tait en partie occup\u00e9e par une halle industrielle de la fin du XIXeme si\u00e8cle dite \u00ab des nouveaux ateliers \u00bb et se situe \u00e0 l\u2019aplomb de l\u2019enceinte de Philippe Auguste. Parti pris architectural La halle industrielle conservee et mise en valeur abrite dans un espace fl\u00e9xible, p\u00f4le d\u2019accueil, foyer et salle \u00e0 vocation mixte. Un corps de b\u00e2timent adoss\u00e9 \u00e0 l\u2019H\u00f4tel de la Monnaie est dedi\u00e9 aux salles de r\u00e9unions et aux bureaux dans le prolongement de l\u2019aile Lebas. L\u2019auditorium s\u2019implante en fond de parcelle dans l\u2019alignement du batiment des Longitudes, enti\u00e8rement r\u00e9nov\u00e9 dans le cadre du projet. Surface Environ 2 600 m\u00b2 utiles Marc Barani \u2013 Architecte (mandataire du groupement de ma\u00eetrise d\u2019\u0153uvre)"},{"@type":"BreadcrumbList","@id":"https:\/\/salles-parisiennes.com\/en\/produit\/3-mazarium-2\/#breadcrumb","itemListElement":[{"@type":"ListItem","position":1,"name":"Accueil","item":"https:\/\/salles-parisiennes.com\/en\/"},{"@type":"ListItem","position":2,"name":"Boutique","item":"https:\/\/salles-parisiennes.com\/?page_id=4313"},{"@type":"ListItem","position":3,"name":"3 Mazarium"}]},{"@type":"WebSite","@id":"https:\/\/salles-parisiennes.com\/#website","url":"https:\/\/salles-parisiennes.com\/","name":"Salles Parisiennes","description":"","publisher":{"@id":"https:\/\/salles-parisiennes.com\/#organization"},"potentialAction":[{"@type":"SearchAction","target":{"@type":"EntryPoint","urlTemplate":"https:\/\/salles-parisiennes.com\/?s={search_term_string}"},"query-input":{"@type":"PropertyValueSpecification","valueRequired":true,"valueName":"search_term_string"}}],"inLanguage":"en-US"},{"@type":"Organization","@id":"https:\/\/salles-parisiennes.com\/#organization","name":"Salles Parisiennes","url":"https:\/\/salles-parisiennes.com\/","logo":{"@type":"ImageObject","inLanguage":"en-US","@id":"https:\/\/salles-parisiennes.com\/#\/schema\/logo\/image\/","url":"https:\/\/salles-parisiennes.com\/wp-content\/uploads\/2024\/09\/logo-header.svg","contentUrl":"https:\/\/salles-parisiennes.com\/wp-content\/uploads\/2024\/09\/logo-header.svg","width":113,"height":35,"caption":"Salles Parisiennes"},"image":{"@id":"https:\/\/salles-parisiennes.com\/#\/schema\/logo\/image\/"}}]}},"_links":{"self":[{"href":"https:\/\/salles-parisiennes.com\/en\/wp-json\/wp\/v2\/product\/5738","targetHints":{"allow":["GET"]}}],"collection":[{"href":"https:\/\/salles-parisiennes.com\/en\/wp-json\/wp\/v2\/product"}],"about":[{"href":"https:\/\/salles-parisiennes.com\/en\/wp-json\/wp\/v2\/types\/product"}],"replies":[{"embeddable":true,"href":"https:\/\/salles-parisiennes.com\/en\/wp-json\/wp\/v2\/comments?post=5738"}],"version-history":[{"count":1,"href":"https:\/\/salles-parisiennes.com\/en\/wp-json\/wp\/v2\/product\/5738\/revisions"}],"predecessor-version":[{"id":5739,"href":"https:\/\/salles-parisiennes.com\/en\/wp-json\/wp\/v2\/product\/5738\/revisions\/5739"}],"wp:featuredmedia":[{"embeddable":true,"href":"https:\/\/salles-parisiennes.com\/en\/wp-json\/wp\/v2\/media\/4576"}],"wp:attachment":[{"href":"https:\/\/salles-parisiennes.com\/en\/wp-json\/wp\/v2\/media?parent=5738"}],"wp:term":[{"taxonomy":"experience","embeddable":true,"href":"https:\/\/salles-parisiennes.com\/en\/wp-json\/wp\/v2\/experience?post=5738"},{"taxonomy":"formule","embeddable":true,"href":"https:\/\/salles-parisiennes.com\/en\/wp-json\/wp\/v2\/formule?post=5738"},{"taxonomy":"nombre-de-personnes","embeddable":true,"href":"https:\/\/salles-parisiennes.com\/en\/wp-json\/wp\/v2\/nombre-de-personnes?post=5738"},{"taxonomy":"secteur-geographique","embeddable":true,"href":"https:\/\/salles-parisiennes.com\/en\/wp-json\/wp\/v2\/secteur-geographique?post=5738"},{"taxonomy":"product_brand","embeddable":true,"href":"https:\/\/salles-parisiennes.com\/en\/wp-json\/wp\/v2\/product_brand?post=5738"},{"taxonomy":"product_cat","embeddable":true,"href":"https:\/\/salles-parisiennes.com\/en\/wp-json\/wp\/v2\/product_cat?post=5738"},{"taxonomy":"product_tag","embeddable":true,"href":"https:\/\/salles-parisiennes.com\/en\/wp-json\/wp\/v2\/product_tag?post=5738"}],"curies":[{"name":"wp","href":"https:\/\/api.w.org\/{rel}","templated":true}]}}