{"id":5752,"date":"2025-05-21T10:25:38","date_gmt":"2025-05-21T10:25:38","guid":{"rendered":"https:\/\/salles-parisiennes.com\/produit\/hotel-de-montgascon\/"},"modified":"2025-05-21T10:25:38","modified_gmt":"2025-05-21T10:25:38","slug":"hotel-de-montgascon-2","status":"publish","type":"product","link":"https:\/\/salles-parisiennes.com\/en\/produit\/hotel-de-montgascon-2\/","title":{"rendered":"H\u00f4tel de Montgascon"},"content":{"rendered":"<p>Welcome to the newly listed venue by Salles Parisiennes, H\u00f4tel Montgascon in Paris. The former home of Fran\u00e7oise Sagan, this refined and timeless space is perfect for organizing unique events. Ideally located in the heart of the city, this hotel combines the elegance of its classical architecture with modern amenities, creating a warm and professional atmosphere. With versatile spaces, ranging from bright salons to more intimate rooms, H\u00f4tel Montgascon is well-suited for all occasions, whether receptions, seminars, or cocktails.<\/p>\n","protected":false},"excerpt":{"rendered":"<p>Welcome to the newly listed venue by Salles Parisiennes, H\u00f4tel Montgascon in Paris. The former home of Fran\u00e7oise Sagan, this refined and timeless space is perfect for organizing unique events. Ideally located in the heart of the city, this hotel combines the elegance of its classical architecture with modern amenities, creating a warm and professional [&hellip;]<\/p>\n","protected":false},"featured_media":4625,"comment_status":"closed","ping_status":"open","template":"","meta":{"_acf_changed":false},"experience":[189,284,291,285,292,181],"formule":[183,190,287],"nombre-de-personnes":[201],"secteur-geographique":[301],"product_brand":[],"product_cat":[271,282,276,272],"product_tag":[],"class_list":{"0":"post-5752","1":"product","2":"type-product","3":"status-publish","4":"has-post-thumbnail","6":"experience-conference","7":"experience-soiree-dentreprise-en","8":"experience-exhibition","9":"experience-evenement-prive-en","10":"experience-product-launch","11":"experience-showroom","12":"formule-cocktail","13":"formule-conference","14":"formule-diner-en","15":"nombre-de-personnes-201","16":"secteur-geographique-east-paris","17":"product_cat-garden","18":"product_cat-terrace","19":"product_cat-townhouse","20":"product_cat-unique-venue","22":"first","23":"instock","24":"purchasable","25":"product-type-simple","26":"add-to-wishlist-before_image"},"acf":[],"yoast_head":"<!-- This site is optimized with the Yoast SEO plugin v26.3 - https:\/\/yoast.com\/wordpress\/plugins\/seo\/ -->\n<title>H\u00f4tel de Montgascon - Salles Parisiennes<\/title>\n<meta name=\"robots\" content=\"index, follow, max-snippet:-1, max-image-preview:large, max-video-preview:-1\" \/>\n<link rel=\"canonical\" href=\"https:\/\/salles-parisiennes.com\/en\/produit\/hotel-de-montgascon-2\/\" \/>\n<meta property=\"og:locale\" content=\"en_US\" \/>\n<meta property=\"og:type\" content=\"article\" \/>\n<meta property=\"og:title\" content=\"H\u00f4tel de Montgascon - Salles Parisiennes\" \/>\n<meta property=\"og:description\" content=\"Welcome to the newly listed venue by Salles Parisiennes, H\u00f4tel Montgascon in Paris. The former home of Fran\u00e7oise Sagan, this refined and timeless space is perfect for organizing unique events. Ideally located in the heart of the city, this hotel combines the elegance of its classical architecture with modern amenities, creating a warm and professional [&hellip;]\" \/>\n<meta property=\"og:url\" content=\"https:\/\/salles-parisiennes.com\/en\/produit\/hotel-de-montgascon-2\/\" \/>\n<meta property=\"og:site_name\" content=\"Salles Parisiennes\" \/>\n<meta property=\"og:image\" content=\"https:\/\/salles-parisiennes.com\/wp-content\/uploads\/2025\/04\/premie\u2560Cre-photo-7.jpg\" \/>\n\t<meta property=\"og:image:width\" content=\"1920\" \/>\n\t<meta property=\"og:image:height\" content=\"1280\" \/>\n\t<meta property=\"og:image:type\" content=\"image\/jpeg\" \/>\n<meta name=\"twitter:card\" content=\"summary_large_image\" \/>\n<script type=\"application\/ld+json\" class=\"yoast-schema-graph\">{\"@context\":\"https:\/\/schema.org\",\"@graph\":[{\"@type\":\"WebPage\",\"@id\":\"https:\/\/salles-parisiennes.com\/en\/produit\/hotel-de-montgascon-2\/\",\"url\":\"https:\/\/salles-parisiennes.com\/en\/produit\/hotel-de-montgascon-2\/\",\"name\":\"H\u00f4tel de Montgascon - Salles Parisiennes\",\"isPartOf\":{\"@id\":\"https:\/\/salles-parisiennes.com\/#website\"},\"primaryImageOfPage\":{\"@id\":\"https:\/\/salles-parisiennes.com\/en\/produit\/hotel-de-montgascon-2\/#primaryimage\"},\"image\":{\"@id\":\"https:\/\/salles-parisiennes.com\/en\/produit\/hotel-de-montgascon-2\/#primaryimage\"},\"thumbnailUrl\":\"https:\/\/salles-parisiennes.com\/wp-content\/uploads\/2025\/04\/premie\u2560Cre-photo-7.jpg\",\"datePublished\":\"2025-05-21T10:25:38+00:00\",\"breadcrumb\":{\"@id\":\"https:\/\/salles-parisiennes.com\/en\/produit\/hotel-de-montgascon-2\/#breadcrumb\"},\"inLanguage\":\"en-US\",\"potentialAction\":[{\"@type\":\"ReadAction\",\"target\":[\"https:\/\/salles-parisiennes.com\/en\/produit\/hotel-de-montgascon-2\/\"]}]},{\"@type\":\"ImageObject\",\"inLanguage\":\"en-US\",\"@id\":\"https:\/\/salles-parisiennes.com\/en\/produit\/hotel-de-montgascon-2\/#primaryimage\",\"url\":\"https:\/\/salles-parisiennes.com\/wp-content\/uploads\/2025\/04\/premie\u2560Cre-photo-7.jpg\",\"contentUrl\":\"https:\/\/salles-parisiennes.com\/wp-content\/uploads\/2025\/04\/premie\u2560Cre-photo-7.jpg\",\"width\":1920,\"height\":1280},{\"@type\":\"BreadcrumbList\",\"@id\":\"https:\/\/salles-parisiennes.com\/en\/produit\/hotel-de-montgascon-2\/#breadcrumb\",\"itemListElement\":[{\"@type\":\"ListItem\",\"position\":1,\"name\":\"Accueil\",\"item\":\"https:\/\/salles-parisiennes.com\/en\/\"},{\"@type\":\"ListItem\",\"position\":2,\"name\":\"Boutique\",\"item\":\"https:\/\/salles-parisiennes.com\/?page_id=4313\"},{\"@type\":\"ListItem\",\"position\":3,\"name\":\"H\u00f4tel de Montgascon\"}]},{\"@type\":\"WebSite\",\"@id\":\"https:\/\/salles-parisiennes.com\/#website\",\"url\":\"https:\/\/salles-parisiennes.com\/\",\"name\":\"Salles Parisiennes\",\"description\":\"\",\"publisher\":{\"@id\":\"https:\/\/salles-parisiennes.com\/#organization\"},\"potentialAction\":[{\"@type\":\"SearchAction\",\"target\":{\"@type\":\"EntryPoint\",\"urlTemplate\":\"https:\/\/salles-parisiennes.com\/?s={search_term_string}\"},\"query-input\":{\"@type\":\"PropertyValueSpecification\",\"valueRequired\":true,\"valueName\":\"search_term_string\"}}],\"inLanguage\":\"en-US\"},{\"@type\":\"Organization\",\"@id\":\"https:\/\/salles-parisiennes.com\/#organization\",\"name\":\"Salles Parisiennes\",\"url\":\"https:\/\/salles-parisiennes.com\/\",\"logo\":{\"@type\":\"ImageObject\",\"inLanguage\":\"en-US\",\"@id\":\"https:\/\/salles-parisiennes.com\/#\/schema\/logo\/image\/\",\"url\":\"https:\/\/salles-parisiennes.com\/wp-content\/uploads\/2024\/09\/logo-header.svg\",\"contentUrl\":\"https:\/\/salles-parisiennes.com\/wp-content\/uploads\/2024\/09\/logo-header.svg\",\"width\":113,\"height\":35,\"caption\":\"Salles Parisiennes\"},\"image\":{\"@id\":\"https:\/\/salles-parisiennes.com\/#\/schema\/logo\/image\/\"}}]}<\/script>\n<!-- \/ Yoast SEO plugin. -->","yoast_head_json":{"title":"H\u00f4tel de Montgascon - Salles Parisiennes","robots":{"index":"index","follow":"follow","max-snippet":"max-snippet:-1","max-image-preview":"max-image-preview:large","max-video-preview":"max-video-preview:-1"},"canonical":"https:\/\/salles-parisiennes.com\/en\/produit\/hotel-de-montgascon-2\/","og_locale":"en_US","og_type":"article","og_title":"H\u00f4tel de Montgascon - Salles Parisiennes","og_description":"Welcome to the newly listed venue by Salles Parisiennes, H\u00f4tel Montgascon in Paris. The former home of Fran\u00e7oise Sagan, this refined and timeless space is perfect for organizing unique events. Ideally located in the heart of the city, this hotel combines the elegance of its classical architecture with modern amenities, creating a warm and professional [&hellip;]","og_url":"https:\/\/salles-parisiennes.com\/en\/produit\/hotel-de-montgascon-2\/","og_site_name":"Salles Parisiennes","og_image":[{"width":1920,"height":1280,"url":"https:\/\/salles-parisiennes.com\/wp-content\/uploads\/2025\/04\/premie\u2560Cre-photo-7.jpg","type":"image\/jpeg"}],"twitter_card":"summary_large_image","schema":{"@context":"https:\/\/schema.org","@graph":[{"@type":"WebPage","@id":"https:\/\/salles-parisiennes.com\/en\/produit\/hotel-de-montgascon-2\/","url":"https:\/\/salles-parisiennes.com\/en\/produit\/hotel-de-montgascon-2\/","name":"H\u00f4tel de Montgascon - Salles Parisiennes","isPartOf":{"@id":"https:\/\/salles-parisiennes.com\/#website"},"primaryImageOfPage":{"@id":"https:\/\/salles-parisiennes.com\/en\/produit\/hotel-de-montgascon-2\/#primaryimage"},"image":{"@id":"https:\/\/salles-parisiennes.com\/en\/produit\/hotel-de-montgascon-2\/#primaryimage"},"thumbnailUrl":"https:\/\/salles-parisiennes.com\/wp-content\/uploads\/2025\/04\/premie\u2560Cre-photo-7.jpg","datePublished":"2025-05-21T10:25:38+00:00","breadcrumb":{"@id":"https:\/\/salles-parisiennes.com\/en\/produit\/hotel-de-montgascon-2\/#breadcrumb"},"inLanguage":"en-US","potentialAction":[{"@type":"ReadAction","target":["https:\/\/salles-parisiennes.com\/en\/produit\/hotel-de-montgascon-2\/"]}]},{"@type":"ImageObject","inLanguage":"en-US","@id":"https:\/\/salles-parisiennes.com\/en\/produit\/hotel-de-montgascon-2\/#primaryimage","url":"https:\/\/salles-parisiennes.com\/wp-content\/uploads\/2025\/04\/premie\u2560Cre-photo-7.jpg","contentUrl":"https:\/\/salles-parisiennes.com\/wp-content\/uploads\/2025\/04\/premie\u2560Cre-photo-7.jpg","width":1920,"height":1280},{"@type":"BreadcrumbList","@id":"https:\/\/salles-parisiennes.com\/en\/produit\/hotel-de-montgascon-2\/#breadcrumb","itemListElement":[{"@type":"ListItem","position":1,"name":"Accueil","item":"https:\/\/salles-parisiennes.com\/en\/"},{"@type":"ListItem","position":2,"name":"Boutique","item":"https:\/\/salles-parisiennes.com\/?page_id=4313"},{"@type":"ListItem","position":3,"name":"H\u00f4tel de Montgascon"}]},{"@type":"WebSite","@id":"https:\/\/salles-parisiennes.com\/#website","url":"https:\/\/salles-parisiennes.com\/","name":"Salles Parisiennes","description":"","publisher":{"@id":"https:\/\/salles-parisiennes.com\/#organization"},"potentialAction":[{"@type":"SearchAction","target":{"@type":"EntryPoint","urlTemplate":"https:\/\/salles-parisiennes.com\/?s={search_term_string}"},"query-input":{"@type":"PropertyValueSpecification","valueRequired":true,"valueName":"search_term_string"}}],"inLanguage":"en-US"},{"@type":"Organization","@id":"https:\/\/salles-parisiennes.com\/#organization","name":"Salles Parisiennes","url":"https:\/\/salles-parisiennes.com\/","logo":{"@type":"ImageObject","inLanguage":"en-US","@id":"https:\/\/salles-parisiennes.com\/#\/schema\/logo\/image\/","url":"https:\/\/salles-parisiennes.com\/wp-content\/uploads\/2024\/09\/logo-header.svg","contentUrl":"https:\/\/salles-parisiennes.com\/wp-content\/uploads\/2024\/09\/logo-header.svg","width":113,"height":35,"caption":"Salles Parisiennes"},"image":{"@id":"https:\/\/salles-parisiennes.com\/#\/schema\/logo\/image\/"}}]}},"_links":{"self":[{"href":"https:\/\/salles-parisiennes.com\/en\/wp-json\/wp\/v2\/product\/5752","targetHints":{"allow":["GET"]}}],"collection":[{"href":"https:\/\/salles-parisiennes.com\/en\/wp-json\/wp\/v2\/product"}],"about":[{"href":"https:\/\/salles-parisiennes.com\/en\/wp-json\/wp\/v2\/types\/product"}],"replies":[{"embeddable":true,"href":"https:\/\/salles-parisiennes.com\/en\/wp-json\/wp\/v2\/comments?post=5752"}],"version-history":[{"count":1,"href":"https:\/\/salles-parisiennes.com\/en\/wp-json\/wp\/v2\/product\/5752\/revisions"}],"predecessor-version":[{"id":5753,"href":"https:\/\/salles-parisiennes.com\/en\/wp-json\/wp\/v2\/product\/5752\/revisions\/5753"}],"wp:featuredmedia":[{"embeddable":true,"href":"https:\/\/salles-parisiennes.com\/en\/wp-json\/wp\/v2\/media\/4625"}],"wp:attachment":[{"href":"https:\/\/salles-parisiennes.com\/en\/wp-json\/wp\/v2\/media?parent=5752"}],"wp:term":[{"taxonomy":"experience","embeddable":true,"href":"https:\/\/salles-parisiennes.com\/en\/wp-json\/wp\/v2\/experience?post=5752"},{"taxonomy":"formule","embeddable":true,"href":"https:\/\/salles-parisiennes.com\/en\/wp-json\/wp\/v2\/formule?post=5752"},{"taxonomy":"nombre-de-personnes","embeddable":true,"href":"https:\/\/salles-parisiennes.com\/en\/wp-json\/wp\/v2\/nombre-de-personnes?post=5752"},{"taxonomy":"secteur-geographique","embeddable":true,"href":"https:\/\/salles-parisiennes.com\/en\/wp-json\/wp\/v2\/secteur-geographique?post=5752"},{"taxonomy":"product_brand","embeddable":true,"href":"https:\/\/salles-parisiennes.com\/en\/wp-json\/wp\/v2\/product_brand?post=5752"},{"taxonomy":"product_cat","embeddable":true,"href":"https:\/\/salles-parisiennes.com\/en\/wp-json\/wp\/v2\/product_cat?post=5752"},{"taxonomy":"product_tag","embeddable":true,"href":"https:\/\/salles-parisiennes.com\/en\/wp-json\/wp\/v2\/product_tag?post=5752"}],"curies":[{"name":"wp","href":"https:\/\/api.w.org\/{rel}","templated":true}]}}